{"id":1828,"date":"2023-07-03T05:42:01","date_gmt":"2023-07-03T05:42:01","guid":{"rendered":"https:\/\/comunidadcristianavida.com\/?page_id=1828"},"modified":"2025-02-20T22:21:09","modified_gmt":"2025-02-20T22:21:09","slug":"agenda","status":"publish","type":"page","link":"https:\/\/comunidadcristianavida.com\/?page_id=1828","title":{"rendered":"Actividades"},"content":{"rendered":"\t\t<div data-elementor-type=\"wp-page\" data-elementor-id=\"1828\" class=\"elementor elementor-1828\">\n\t\t\t\t\t\t\t\t\t<section class=\"elementor-section elementor-top-section elementor-element elementor-element-3c1526ca elementor-section-boxed elementor-section-height-default elementor-section-height-default\" data-id=\"3c1526ca\" data-element_type=\"section\">\n\t\t\t\t\t\t<div class=\"elementor-container elementor-column-gap-default\">\n\t\t\t\t\t<div class=\"elementor-column elementor-col-100 elementor-top-column elementor-element elementor-element-db56b84\" data-id=\"db56b84\" data-element_type=\"column\">\n\t\t\t<div class=\"elementor-widget-wrap elementor-element-populated\">\n\t\t\t\t\t\t\t\t<div class=\"elementor-element elementor-element-62427421 elementor-widget elementor-widget-text-editor\" data-id=\"62427421\" data-element_type=\"widget\" data-widget_type=\"text-editor.default\">\n\t\t\t\t<div class=\"elementor-widget-container\">\n\t\t\t<style>\/*! elementor - v3.14.0 - 26-06-2023 *\/\n.elementor-widget-text-editor.elementor-drop-cap-view-stacked .elementor-drop-cap{background-color:#69727d;color:#fff}.elementor-widget-text-editor.elementor-drop-cap-view-framed .elementor-drop-cap{color:#69727d;border:3px solid;background-color:transparent}.elementor-widget-text-editor:not(.elementor-drop-cap-view-default) .elementor-drop-cap{margin-top:8px}.elementor-widget-text-editor:not(.elementor-drop-cap-view-default) .elementor-drop-cap-letter{width:1em;height:1em}.elementor-widget-text-editor .elementor-drop-cap{float:left;text-align:center;line-height:1;font-size:50px}.elementor-widget-text-editor .elementor-drop-cap-letter{display:inline-block}<\/style>\t\t\t\t<p><!-- wp:heading --><\/p>\n<h2 class=\"wp-block-heading\">Actividades de la semana<\/h2>\n<p><!-- \/wp:heading --><\/p>\n<p><!-- wp:image {\"id\":2239,\"width\":761,\"height\":637,\"sizeSlug\":\"full\",\"linkDestination\":\"none\"} --><\/p>\n<figure class=\"wp-block-image size-full is-resized\"><img decoding=\"async\" loading=\"lazy\" class=\"wp-image-2239\" src=\"https:\/\/comunidadcristianavida.com\/wp-content\/uploads\/2023\/07\/SErvicio-General-1.png\" alt=\"Servicio General, es un servicio donde las tres congregaciones Vida, se re\u00fanen para celebrar y adorar el nombre del Se\u00f1or Jesucristo. \" width=\"761\" height=\"637\" data-wp-editing=\"1\" srcset=\"https:\/\/comunidadcristianavida.com\/wp-content\/uploads\/2023\/07\/SErvicio-General-1.png 940w, https:\/\/comunidadcristianavida.com\/wp-content\/uploads\/2023\/07\/SErvicio-General-1-300x251.png 300w, https:\/\/comunidadcristianavida.com\/wp-content\/uploads\/2023\/07\/SErvicio-General-1-768x644.png 768w\" sizes=\"(max-width: 761px) 100vw, 761px\" \/>\n<p>\u00a0<\/p>\n<figcaption class=\"wp-element-caption\"><strong>Servicio General:<\/strong> Es un servicio donde las tres congregaciones Vida, Purulh\u00e1, Mocoh\u00e1n y Tactic, se re\u00fanen para celebrar y adorar el nombre del Se\u00f1or Jesucristo.<\/figcaption>\n<\/figure>\n<p><!-- \/wp:image --><\/p>\n<p><!-- wp:columns --><\/p>\n<div class=\"wp-block-columns\">\n<p><!-- wp:column {\"width\":\"100%\"} --><\/p>\n<div class=\"wp-block-column\" style=\"flex-basis: 100%;\">\u00a0<\/div>\n<p><!-- \/wp:column --><\/p>\n<\/div>\n<p><!-- \/wp:columns --><\/p>\n<p><!-- wp:heading --><\/p>\n<h2 class=\"wp-block-heading\">Grupos de conexi\u00f3n<\/h2>\n<p><!-- \/wp:heading --><\/p>\n<p><!-- wp:paragraph {\"placeholder\":\"Contenido\u2026\"} --><\/p>\n<p><!-- \/wp:paragraph --><\/p>\n<p><!-- wp:media-text {\"align\":\"\",\"mediaId\":2242,\"mediaLink\":\"https:\/\/comunidadcristianavida.com\/?attachment_id=2242\",\"mediaType\":\"image\",\"mediaWidth\":51} --><\/p>\n<div class=\"wp-block-media-text is-stacked-on-mobile\" style=\"grid-template-columns: 51% auto;\">\n<figure class=\"wp-block-media-text__media\"><img decoding=\"async\" loading=\"lazy\" width=\"1024\" height=\"683\" class=\"wp-image-2242 size-full\" src=\"https:\/\/comunidadcristianavida.com\/wp-content\/uploads\/2023\/07\/347591238_249259274469932_5690310408796128485_n-1024x683.jpg\" alt=\"\" srcset=\"https:\/\/comunidadcristianavida.com\/wp-content\/uploads\/2023\/07\/347591238_249259274469932_5690310408796128485_n-1024x683.jpg 1024w, https:\/\/comunidadcristianavida.com\/wp-content\/uploads\/2023\/07\/347591238_249259274469932_5690310408796128485_n-300x200.jpg 300w, https:\/\/comunidadcristianavida.com\/wp-content\/uploads\/2023\/07\/347591238_249259274469932_5690310408796128485_n-768x512.jpg 768w, https:\/\/comunidadcristianavida.com\/wp-content\/uploads\/2023\/07\/347591238_249259274469932_5690310408796128485_n-1536x1025.jpg 1536w, https:\/\/comunidadcristianavida.com\/wp-content\/uploads\/2023\/07\/347591238_249259274469932_5690310408796128485_n.jpg 2048w\" sizes=\"(max-width: 1024px) 100vw, 1024px\" \/><\/figure>\n<div class=\"wp-block-media-text__content\">\n<p><!-- wp:paragraph --><\/p>\n<p>S\u00e9 parte de los GPS (grupos peque\u00f1os saludables)<\/p>\n<p><!-- \/wp:paragraph --><\/p>\n<p><!-- wp:paragraph --><\/p>\n<p><!-- \/wp:paragraph --><\/p>\n<p><!-- wp:paragraph --><\/p>\n<p>Reuni\u00f3n en los diferentes hogares.<\/p>\n<p><!-- \/wp:paragraph --><\/p>\n<p><!-- wp:paragraph --><\/p>\n<p><!-- \/wp:paragraph --><\/p>\n<p><!-- wp:paragraph --><\/p>\n<p>No faltes a nuestros grupos de Conexi\u00f3n, ser\u00e1 un gozo compartir la palabra del Se\u00f1or, estar en comuni\u00f3n y tener un tiempo en la presencia de Dios.<\/p>\n<p><!-- \/wp:paragraph --><\/p>\n<\/div>\n<\/div>\n<p><!-- \/wp:media-text --><\/p>\n<p><!-- wp:columns --><\/p>\n<div class=\"wp-block-columns\">\n<p><!-- wp:column {\"width\":\"100%\"} --><\/p>\n<div class=\"wp-block-column\" style=\"flex-basis: 100%;\">\u00a0<\/div>\n<p><!-- \/wp:column --><\/p>\n<\/div>\n<p><!-- \/wp:columns --><\/p>\n<h2>Reuni\u00f3n de J\u00f3venes<\/h2>\n<p><!-- wp:media-text {\"align\":\"\",\"mediaId\":2263,\"mediaLink\":\"https:\/\/comunidadcristianavida.com\/?attachment_id=2263\",\"mediaType\":\"image\"} --><\/p>\n<div class=\"wp-block-media-text is-stacked-on-mobile\">\n<figure class=\"wp-block-media-text__media\"><img decoding=\"async\" loading=\"lazy\" width=\"735\" height=\"517\" class=\"wp-image-2263 size-full\" src=\"https:\/\/comunidadcristianavida.com\/wp-content\/uploads\/2024\/10\/JOVEN.jpeg\" alt=\"\" srcset=\"https:\/\/comunidadcristianavida.com\/wp-content\/uploads\/2024\/10\/JOVEN.jpeg 735w, https:\/\/comunidadcristianavida.com\/wp-content\/uploads\/2024\/10\/JOVEN-300x211.jpeg 300w\" sizes=\"(max-width: 735px) 100vw, 735px\" \/><\/figure>\n<div class=\"wp-block-media-text__content\">\n<p><!-- wp:paragraph --><\/p>\n<p>\u00bfC\u00f3mo puede el joven llevar una vida \u00edntegra?<br \/>Viviendo conforme a tu palabra.<br \/>Salmo 119:9<\/p>\n<p>\u00a0<\/p>\n<p><!-- \/wp:paragraph --><\/p>\n<p><!-- wp:paragraph --><\/p>\n<p><!-- \/wp:paragraph --><\/p>\n<p><!-- wp:paragraph --><\/p>\n<p>Te invitamos a nuestras reuniones de J\u00f3venes y aprendamos juntos de la palabra de Dios.<\/p>\n<p>\u00a0<\/p>\n<p><!-- \/wp:paragraph --><\/p>\n<p><!-- wp:paragraph --><\/p>\n<p><!-- \/wp:paragraph --><\/p>\n<p><!-- wp:paragraph {\"placeholder\":\"Contenido\u2026\"} --><\/p>\n<p>Domingos a las 3:00 PM<\/p>\n<p>\u00a0<\/p>\n<p><!-- \/wp:paragraph --><\/p>\n<p><!-- wp:paragraph --><\/p>\n<p><!-- \/wp:paragraph --><\/p>\n<p><!-- wp:paragraph --><\/p>\n<p>Lugar: Chijacorral<\/p>\n<p><!-- \/wp:paragraph --><\/p>\n<p><!-- wp:paragraph {\"align\":\"center\"} --><\/p>\n<p class=\"has-text-align-center\">\u00a1TE ESPERAMOS!<\/p>\n<p><!-- \/wp:paragraph --><\/p>\n<\/div>\n<\/div>\n<p><!-- \/wp:media-text --><\/p>\n<p><!-- wp:columns --><\/p>\n<div class=\"wp-block-columns\">\n<p><!-- wp:column --><\/p>\n<div class=\"wp-block-column\">\u00a0<\/div>\n<p><!-- \/wp:column --><\/p>\n<\/div>\n<p><!-- \/wp:columns --><\/p>\n<h2>\u00a0<\/h2>\t\t\t\t\t\t<\/div>\n\t\t\t\t<\/div>\n\t\t\t\t\t<\/div>\n\t\t<\/div>\n\t\t\t\t\t\t\t<\/div>\n\t\t<\/section>\n\t\t\t\t\t\t\t<\/div>\n\t\t","protected":false},"excerpt":{"rendered":"<p>Actividades de la semana \u00a0 Grupos de conexi\u00f3n S\u00e9 parte de los GPS (grupos peque\u00f1os saludables) Reuni\u00f3n en los diferentes hogares. No faltes a nuestros grupos de Conexi\u00f3n, ser\u00e1 un gozo compartir la palabra del Se\u00f1or, estar en comuni\u00f3n y tener un tiempo en la presencia de Dios. \u00a0 Reuni\u00f3n de J\u00f3venes \u00bfC\u00f3mo puede el &hellip;<\/p>\n<p class=\"read-more\"> <a class=\"\" href=\"https:\/\/comunidadcristianavida.com\/?page_id=1828\"> <span class=\"screen-reader-text\">Actividades<\/span> Read More &raquo;<\/a><\/p>\n","protected":false},"author":1,"featured_media":0,"parent":0,"menu_order":0,"comment_status":"closed","ping_status":"closed","template":"","meta":{"site-sidebar-layout":"default","site-content-layout":"default","ast-global-header-display":"","ast-banner-title-visibility":"","ast-main-header-display":"","ast-hfb-above-header-display":"","ast-hfb-below-header-display":"","ast-hfb-mobile-header-display":"","site-post-title":"","ast-breadcrumbs-content":"","ast-featured-img":"","footer-sml-layout":"","theme-transparent-header-meta":"","adv-header-id-meta":"","stick-header-meta":"","header-above-stick-meta":"","header-main-stick-meta":"","header-below-stick-meta":"","_joinchat":[]},"_links":{"self":[{"href":"https:\/\/comunidadcristianavida.com\/index.php?rest_route=\/wp\/v2\/pages\/1828"}],"collection":[{"href":"https:\/\/comunidadcristianavida.com\/index.php?rest_route=\/wp\/v2\/pages"}],"about":[{"href":"https:\/\/comunidadcristianavida.com\/index.php?rest_route=\/wp\/v2\/types\/page"}],"author":[{"embeddable":true,"href":"https:\/\/comunidadcristianavida.com\/index.php?rest_route=\/wp\/v2\/users\/1"}],"replies":[{"embeddable":true,"href":"https:\/\/comunidadcristianavida.com\/index.php?rest_route=%2Fwp%2Fv2%2Fcomments&post=1828"}],"version-history":[{"count":13,"href":"https:\/\/comunidadcristianavida.com\/index.php?rest_route=\/wp\/v2\/pages\/1828\/revisions"}],"predecessor-version":[{"id":2319,"href":"https:\/\/comunidadcristianavida.com\/index.php?rest_route=\/wp\/v2\/pages\/1828\/revisions\/2319"}],"wp:attachment":[{"href":"https:\/\/comunidadcristianavida.com\/index.php?rest_route=%2Fwp%2Fv2%2Fmedia&parent=1828"}],"curies":[{"name":"wp","href":"https:\/\/api.w.org\/{rel}","templated":true}]}}